{"id":6724,"date":"2022-11-21T18:49:58","date_gmt":"2022-11-21T18:49:58","guid":{"rendered":"http:\/\/www.beachvolleysgallspach.at\/?page_id=6724"},"modified":"2022-11-21T18:50:25","modified_gmt":"2022-11-21T18:50:25","slug":"hausruckvolleys","status":"publish","type":"page","link":"https:\/\/www.beachvolleysgallspach.at\/?page_id=6724","title":{"rendered":"Hausruckvolleys since 2018"},"content":{"rendered":"<p>Um den zahlreichen Kindern und Jugendlichen in der Region gen\u00fcgend Trainingszeiten- und Spielm\u00f6glichkeiten f\u00fcr die Hallensaison zu geben, wurde 2018 eine Spielgemeinschaft Gallspach \u2013 St. Marienkirchen\/Polsenz \u2013 Grieskirchen gegr\u00fcndet. Mittlerweile umfasst diese Spielgemeinschaft ca. 100 Kinder und Jugendliche in allen Altersgruppen.<\/p>\n<p>Alle Teams treten als \u201e<strong>Hausruck Volleys<\/strong>\u201c bei der O\u00d6 Hallen Verbandsmeisterschaft an.<\/p>\n<p>#bettertogether<\/p>\n","protected":false},"excerpt":{"rendered":"<p>Um den zahlreichen Kindern und Jugendlichen in der Region gen\u00fcgend Trainingszeiten- und Spielm\u00f6glichkeiten f\u00fcr die Hallensaison zu geben, wurde 2018 eine Spielgemeinschaft Gallspach \u2013 St. Marienkirchen\/Polsenz \u2013 Grieskirchen gegr\u00fcndet. Mittlerweile [&hellip;]<\/p>\n","protected":false},"author":1,"featured_media":0,"parent":0,"menu_order":0,"comment_status":"closed","ping_status":"closed","template":"","meta":{"footnotes":""},"_links":{"self":[{"href":"https:\/\/www.beachvolleysgallspach.at\/index.php?rest_route=\/wp\/v2\/pages\/6724"}],"collection":[{"href":"https:\/\/www.beachvolleysgallspach.at\/index.php?rest_route=\/wp\/v2\/pages"}],"about":[{"href":"https:\/\/www.beachvolleysgallspach.at\/index.php?rest_route=\/wp\/v2\/types\/page"}],"author":[{"embeddable":true,"href":"https:\/\/www.beachvolleysgallspach.at\/index.php?rest_route=\/wp\/v2\/users\/1"}],"replies":[{"embeddable":true,"href":"https:\/\/www.beachvolleysgallspach.at\/index.php?rest_route=%2Fwp%2Fv2%2Fcomments&post=6724"}],"version-history":[{"count":3,"href":"https:\/\/www.beachvolleysgallspach.at\/index.php?rest_route=\/wp\/v2\/pages\/6724\/revisions"}],"predecessor-version":[{"id":6729,"href":"https:\/\/www.beachvolleysgallspach.at\/index.php?rest_route=\/wp\/v2\/pages\/6724\/revisions\/6729"}],"wp:attachment":[{"href":"https:\/\/www.beachvolleysgallspach.at\/index.php?rest_route=%2Fwp%2Fv2%2Fmedia&parent=6724"}],"curies":[{"name":"wp","href":"https:\/\/api.w.org\/{rel}","templated":true}]}}