{"id":196,"date":"2012-02-14T23:06:10","date_gmt":"2012-02-14T23:06:10","guid":{"rendered":"http:\/\/www.beachvolleysgallspach.at\/?page_id=196"},"modified":"2014-01-07T23:00:22","modified_gmt":"2014-01-07T23:00:22","slug":"spielstatte","status":"publish","type":"page","link":"https:\/\/www.beachvolleysgallspach.at\/?page_id=196","title":{"rendered":"Spielst\u00e4tten"},"content":{"rendered":"<p><strong>Naturerlebnisbad Gallspach<\/strong><\/p>\n<p>2 Vereins-Beachvolleyball-Pl\u00e4tze + 2 \u00f6ffentliche Beachvolleyballpl\u00e4tze im Naturerlebnisbad Gallspach<\/p>\n<p><iframe loading=\"lazy\" src=\"http:\/\/maps.google.at\/maps?f=q&source=s_q&hl=de&geocode=&q=Naturerlebnisbad,+Niederndorf,+Gallspach&aq=0&oq=naturerlebnisbad+gallspach&sll=48.185254,16.363382&sspn=0.064207,0.154324&ie=UTF8&hq=Naturerlebnisbad,&hnear=Niederndorf,+Grieskirchen,+Ober%C3%B6sterreich&ll=48.212892,13.81725&spn=0.006295,0.011153&t=f&ecpose=48.21435651,13.81724995,36236.08,0,2.255,0&output=embed\" height=\"350\" width=\"425\" frameborder=\"0\" marginwidth=\"0\" marginheight=\"0\" scrolling=\"no\"><\/iframe><br \/>\n<small><a style=\"color: #0000ff; text-align: left;\" href=\"http:\/\/maps.google.at\/maps?f=q&source=embed&hl=de&geocode=&q=Naturerlebnisbad,+Niederndorf,+Gallspach&aq=0&oq=naturerlebnisbad+gallspach&sll=48.185254,16.363382&sspn=0.064207,0.154324&ie=UTF8&hq=Naturerlebnisbad,&hnear=Niederndorf,+Grieskirchen,+Ober%C3%B6sterreich&ll=48.212892,13.81725&spn=0.006295,0.011153&t=f&ecpose=48.21435651,13.81724995,36236.08,0,2.255,0\">Gr\u00f6\u00dfere Kartenansicht<\/a><\/small><\/p>\n<p>Halle Volksschule Gallspach<\/p>\n<p><iframe loading=\"lazy\" src=\"https:\/\/maps.google.at\/maps?f=q&source=s_q&hl=de&geocode=&q=volksschule+gallspach&aq=&sll=48.215153,13.809471&sspn=0.122391,0.338173&t=f&ie=UTF8&hq=volksschule&hnear=Gallspach,+Grieskirchen,+Ober%C3%B6sterreich&ll=48.208841,13.809417&spn=0.008155,0.006295&ecpose=48.19163166,13.809417,2292.32,0,44.982,0&output=embed\" height=\"350\" width=\"425\" frameborder=\"0\" marginwidth=\"0\" marginheight=\"0\" scrolling=\"no\"><\/iframe><br \/>\n<small><a style=\"color: #0000ff; text-align: left;\" href=\"https:\/\/maps.google.at\/maps?f=q&source=embed&hl=de&geocode=&q=volksschule+gallspach&aq=&sll=48.215153,13.809471&sspn=0.122391,0.338173&t=f&ie=UTF8&hq=volksschule&hnear=Gallspach,+Grieskirchen,+Ober%C3%B6sterreich&ll=48.208841,13.809417&spn=0.008155,0.006295&ecpose=48.19163166,13.809417,2292.32,0,44.982,0\">Gr\u00f6\u00dfere Kartenansicht<\/a><\/small><\/p>\n","protected":false},"excerpt":{"rendered":"<p>Naturerlebnisbad Gallspach 2 Vereins-Beachvolleyball-Pl\u00e4tze + 2 \u00f6ffentliche Beachvolleyballpl\u00e4tze im Naturerlebnisbad Gallspach Gr\u00f6\u00dfere Kartenansicht Halle Volksschule Gallspach Gr\u00f6\u00dfere Kartenansicht<\/p>\n","protected":false},"author":1,"featured_media":0,"parent":85,"menu_order":5,"comment_status":"closed","ping_status":"open","template":"","meta":{"footnotes":""},"_links":{"self":[{"href":"https:\/\/www.beachvolleysgallspach.at\/index.php?rest_route=\/wp\/v2\/pages\/196"}],"collection":[{"href":"https:\/\/www.beachvolleysgallspach.at\/index.php?rest_route=\/wp\/v2\/pages"}],"about":[{"href":"https:\/\/www.beachvolleysgallspach.at\/index.php?rest_route=\/wp\/v2\/types\/page"}],"author":[{"embeddable":true,"href":"https:\/\/www.beachvolleysgallspach.at\/index.php?rest_route=\/wp\/v2\/users\/1"}],"replies":[{"embeddable":true,"href":"https:\/\/www.beachvolleysgallspach.at\/index.php?rest_route=%2Fwp%2Fv2%2Fcomments&post=196"}],"version-history":[{"count":11,"href":"https:\/\/www.beachvolleysgallspach.at\/index.php?rest_route=\/wp\/v2\/pages\/196\/revisions"}],"predecessor-version":[{"id":1588,"href":"https:\/\/www.beachvolleysgallspach.at\/index.php?rest_route=\/wp\/v2\/pages\/196\/revisions\/1588"}],"up":[{"embeddable":true,"href":"https:\/\/www.beachvolleysgallspach.at\/index.php?rest_route=\/wp\/v2\/pages\/85"}],"wp:attachment":[{"href":"https:\/\/www.beachvolleysgallspach.at\/index.php?rest_route=%2Fwp%2Fv2%2Fmedia&parent=196"}],"curies":[{"name":"wp","href":"https:\/\/api.w.org\/{rel}","templated":true}]}}