{"id":1589,"date":"2014-01-07T23:11:40","date_gmt":"2014-01-07T23:11:40","guid":{"rendered":"http:\/\/www.beachvolleysgallspach.at\/?page_id=1589"},"modified":"2015-10-30T21:37:26","modified_gmt":"2015-10-30T21:37:26","slug":"beachvolleyball-anlage","status":"publish","type":"page","link":"https:\/\/www.beachvolleysgallspach.at\/?page_id=1589","title":{"rendered":"Beachvolleyball-Anlage"},"content":{"rendered":"<p>Anfang 2013 wurde ein Meilenstein in unserer Vereinsgeschichte gesetzt: Der Bau von 2 eigenen Vereinsbeachvolleyballpl\u00e4tzen im Naturerlebnisbad Gallspach!<\/p>\n<p>Ein geregeltes Training f\u00fcr alle Vereinsmitglieder w\u00e4hrend des Badebetriebs sowie die unabh\u00e4ngige Veranstaltung von Bewerben waren die Hauptbeweggr\u00fcnde f\u00fcr dieses Vorhaben.<\/p>\n<p>Beachvolleyball hat sich in den letzten Jahren immer mehr zum Breitensport etabliert. Die Errichtung der beiden Pl\u00e4tze war ein wichtiger Schritt f\u00fcr einen erfolgreichen Fortbestand des Vereins.<\/p>\n<p>Nach zahlreichen Terminen f\u00fcr die Planung sowie arbeitsintensiven Stunden w\u00e4hrend des Bauprozesses im Fr\u00fchjahr\/Sommer 2013 konnte die Fertigstellung rechtzeitig zum Turnier-Wochenende vom 10.-11. August 2013 gefeiert werden.<\/p>\n<p>Zum ersten Mal wurden die einzelnen Bewerbe auf 4 Beachvolleyballpl\u00e4tzen ausgetragen: den beiden vereinseigenen sowie den beiden \u00f6ffentlichen.<\/p>\n<p>Wir vermieten unsere beiden Pl\u00e4tze auch f\u00fcr Firmenturniere oder andere Veranstaltungen wie z.B. Beachsoccer, Beachcamps etc. Bei Interesse wenden Sie sich bitte an:<\/p>\n<p><a href=\"mailto:christoph.ortner@beachvolleysgallspach.at\">christoph.ortner@beachvolleysgallspach.at<\/a><\/p>\n<p>oder<\/p>\n<p><a href=\"mailto:claudia.zwicklhuber@beachvolleysgallspach.at\">claudia.zwicklhuber@beachvolleysgallspach.at<\/a><\/p>\n<p><a href=\"http:\/\/www.beachvolleysgallspach.at\/wp-content\/uploads\/1094958_669921169699584_1056162969_n.jpg\"><img loading=\"lazy\" decoding=\"async\" class=\"alignnone wp-image-1569\" src=\"http:\/\/www.beachvolleysgallspach.at\/wp-content\/uploads\/1094958_669921169699584_1056162969_n.jpg\" alt=\"1094958_669921169699584_1056162969_n\" width=\"500\" height=\"375\" srcset=\"https:\/\/www.beachvolleysgallspach.at\/wp-content\/uploads\/1094958_669921169699584_1056162969_n.jpg 960w, https:\/\/www.beachvolleysgallspach.at\/wp-content\/uploads\/1094958_669921169699584_1056162969_n-300x225.jpg 300w\" sizes=\"(max-width: 500px) 100vw, 500px\" \/><\/a><\/p>\n","protected":false},"excerpt":{"rendered":"<p>Anfang 2013 wurde ein Meilenstein in unserer Vereinsgeschichte gesetzt: Der Bau von 2 eigenen Vereinsbeachvolleyballpl\u00e4tzen im Naturerlebnisbad Gallspach! Ein geregeltes Training f\u00fcr alle Vereinsmitglieder w\u00e4hrend des Badebetriebs sowie die unabh\u00e4ngige [&hellip;]<\/p>\n","protected":false},"author":1,"featured_media":0,"parent":0,"menu_order":3,"comment_status":"closed","ping_status":"open","template":"","meta":{"footnotes":""},"_links":{"self":[{"href":"https:\/\/www.beachvolleysgallspach.at\/index.php?rest_route=\/wp\/v2\/pages\/1589"}],"collection":[{"href":"https:\/\/www.beachvolleysgallspach.at\/index.php?rest_route=\/wp\/v2\/pages"}],"about":[{"href":"https:\/\/www.beachvolleysgallspach.at\/index.php?rest_route=\/wp\/v2\/types\/page"}],"author":[{"embeddable":true,"href":"https:\/\/www.beachvolleysgallspach.at\/index.php?rest_route=\/wp\/v2\/users\/1"}],"replies":[{"embeddable":true,"href":"https:\/\/www.beachvolleysgallspach.at\/index.php?rest_route=%2Fwp%2Fv2%2Fcomments&post=1589"}],"version-history":[{"count":12,"href":"https:\/\/www.beachvolleysgallspach.at\/index.php?rest_route=\/wp\/v2\/pages\/1589\/revisions"}],"predecessor-version":[{"id":2296,"href":"https:\/\/www.beachvolleysgallspach.at\/index.php?rest_route=\/wp\/v2\/pages\/1589\/revisions\/2296"}],"wp:attachment":[{"href":"https:\/\/www.beachvolleysgallspach.at\/index.php?rest_route=%2Fwp%2Fv2%2Fmedia&parent=1589"}],"curies":[{"name":"wp","href":"https:\/\/api.w.org\/{rel}","templated":true}]}}