{"id":123,"date":"2012-02-04T13:46:55","date_gmt":"2012-02-04T13:46:55","guid":{"rendered":"http:\/\/www.beachvolleysgallspach.at\/?page_id=123"},"modified":"2024-02-08T17:12:42","modified_gmt":"2024-02-08T17:12:42","slug":"kontakt","status":"publish","type":"page","link":"https:\/\/www.beachvolleysgallspach.at\/?page_id=123","title":{"rendered":"Kontakt"},"content":{"rendered":"<p><strong>Vereinssitz &#8211; Postanschrift<br \/>\n<\/strong><\/p>\n<p>Volleys Gallspach&nbsp;| J\u00f6rgerstrasse 4&nbsp;| 4713 Gallspach<br \/>\nZVR-Zahl: 1308013598<\/p>\n<p>Kontodaten<\/p>\n<p>Beach Volleys Gallspach, AT183473600002425338, RZOOAT2L736<\/p>\n<p>Mitglied beim Ober\u00f6sterreichischen Volleyballverband und \u00d6VV Beachreferat<\/p>\n<p>F\u00fcr den Inhalt der Webseite verantwortlich:<br \/>\nChristoph Ortner, Claudia Zwicklhuber<\/p>\n<p>christoph.ortner@beachvolleysgallspach.at<\/p>\n","protected":false},"excerpt":{"rendered":"<p>Vereinssitz &#8211; Postanschrift Volleys Gallspach&nbsp;| J\u00f6rgerstrasse 4&nbsp;| 4713 Gallspach ZVR-Zahl: 1308013598 Kontodaten Beach Volleys Gallspach, AT183473600002425338, RZOOAT2L736 Mitglied beim Ober\u00f6sterreichischen Volleyballverband und \u00d6VV Beachreferat F\u00fcr den Inhalt der Webseite verantwortlich: [&hellip;]<\/p>\n","protected":false},"author":2,"featured_media":0,"parent":0,"menu_order":15,"comment_status":"closed","ping_status":"open","template":"","meta":{"footnotes":""},"_links":{"self":[{"href":"https:\/\/www.beachvolleysgallspach.at\/index.php?rest_route=\/wp\/v2\/pages\/123"}],"collection":[{"href":"https:\/\/www.beachvolleysgallspach.at\/index.php?rest_route=\/wp\/v2\/pages"}],"about":[{"href":"https:\/\/www.beachvolleysgallspach.at\/index.php?rest_route=\/wp\/v2\/types\/page"}],"author":[{"embeddable":true,"href":"https:\/\/www.beachvolleysgallspach.at\/index.php?rest_route=\/wp\/v2\/users\/2"}],"replies":[{"embeddable":true,"href":"https:\/\/www.beachvolleysgallspach.at\/index.php?rest_route=%2Fwp%2Fv2%2Fcomments&post=123"}],"version-history":[{"count":29,"href":"https:\/\/www.beachvolleysgallspach.at\/index.php?rest_route=\/wp\/v2\/pages\/123\/revisions"}],"predecessor-version":[{"id":7100,"href":"https:\/\/www.beachvolleysgallspach.at\/index.php?rest_route=\/wp\/v2\/pages\/123\/revisions\/7100"}],"wp:attachment":[{"href":"https:\/\/www.beachvolleysgallspach.at\/index.php?rest_route=%2Fwp%2Fv2%2Fmedia&parent=123"}],"curies":[{"name":"wp","href":"https:\/\/api.w.org\/{rel}","templated":true}]}}