{"id":697,"date":"2012-06-27T14:15:22","date_gmt":"2012-06-27T14:15:22","guid":{"rendered":"http:\/\/www.beachvolleysgallspach.at\/?page_id=697"},"modified":"2016-05-03T18:30:40","modified_gmt":"2016-05-03T18:30:40","slug":"regeln-2012","status":"publish","type":"page","link":"http:\/\/www.beachvolleysgallspach.at\/?page_id=697","title":{"rendered":"Regeln allgemein"},"content":{"rendered":"<p><strong>Allgemeine Informationen und Turnierregeln!<\/strong><\/p>\n<p>Zuerst m\u00f6chten wir festhalten, dass es sich bei unseren Turnieren um <strong>\u201eHobbyturniere\u201c<\/strong> handelt und neben dem sportlichen Wettbewerb der <strong>Spa\u00df am Beachvolleyballsport im Vordergrund<\/strong> stehen sollte! <strong>Wichtig<\/strong> ist uns, dass alle <strong>Teilnehmer und Zuseher<\/strong> <strong>tolle Tage<\/strong> im <strong>Naturerlebnisbad<\/strong> <strong>Gallspach<\/strong> erleben! \ud83d\ude09 Um vor allem den Zuschauern und Badeg\u00e4sten ein gewisses Spielniveau bieten zu k\u00f6nnen und wir die Sicherheit der Spieler gew\u00e4hrleisten wollen (Verletzungsgefahr) \u2013 m\u00f6chten wir hier einige <strong>Regeln f\u00fcr die Turniere und Informationen<\/strong> aufz\u00e4hlen:<\/p>\n<p>Gespielt wird nach <strong>Beachregeln<\/strong>!<\/p>\n<p>Spielfl\u00e4che: <strong>16m x 8m<\/strong><\/p>\n<p>Netzh\u00f6he M\u00e4nnerbewerb und Mixedbewerb:<strong> 2,43m<\/strong><\/p>\n<p>Netzh\u00f6he Damenbewerb: <strong>2,24\u00a0m<\/strong><\/p>\n<p>Gespielt wird auf <strong>den Beachpl\u00e4tzen im Naturerlebnisbad Gallspach<\/strong><\/p>\n<p>Turniermodus f\u00fcr alle Bewerbe: <strong>Vorrunden-Gruppenspiele<\/strong> anschliessend <strong>K.O.-System<\/strong><\/p>\n<p><strong>Die Anzahl der S\u00e4tze und auf wieviele Punkte ein Satz<\/strong>\u00a0in der Vorrunde bzw.\u00a0 bei dem K.O. System gespielt wird \u2013 wird am jeweiligen Turniertag bekannt gegeben!<\/p>\n<p><strong>Netzber\u00fchrungen (GANZES NETZ)<\/strong> bzw. <strong>Eindringen in das gegnerische Feld<\/strong> (Behinderung des Gegenspielers) sind bzw. ist <strong>nicht<\/strong> erlaubt!<\/p>\n<p><strong>Pritschannahme<\/strong> ist <strong>nicht<\/strong> erlaubt! Der Ball darf auch <strong>nicht<\/strong> direkt in das gegnerische Feld gepritscht werden (<strong>Ausnahme Stellversuch<\/strong>).<\/p>\n<p>Ein <strong>Blockkontakt<\/strong> wird als <strong>eine Ballber\u00fchrung<\/strong> gez\u00e4hlt.<\/p>\n<p><strong>Schiedsrichter<\/strong> werden von den Teams gestellt (Schiedsgericht)<\/p>\n<p>F\u00fcr <strong>Verletzungen<\/strong> und <strong>etwaige Sch\u00e4den<\/strong> \u00fcbernimmt der <strong>Veranstalter keine Haftung.<\/strong><\/p>\n","protected":false},"excerpt":{"rendered":"<p>Allgemeine Informationen und Turnierregeln! Zuerst m\u00f6chten wir festhalten, dass es sich bei unseren Turnieren um \u201eHobbyturniere\u201c handelt und neben dem sportlichen Wettbewerb der Spa\u00df am Beachvolleyballsport im Vordergrund stehen sollte! [&hellip;]<\/p>\n","protected":false},"author":1,"featured_media":0,"parent":260,"menu_order":4,"comment_status":"closed","ping_status":"open","template":"","meta":{"footnotes":""},"_links":{"self":[{"href":"http:\/\/www.beachvolleysgallspach.at\/index.php?rest_route=\/wp\/v2\/pages\/697"}],"collection":[{"href":"http:\/\/www.beachvolleysgallspach.at\/index.php?rest_route=\/wp\/v2\/pages"}],"about":[{"href":"http:\/\/www.beachvolleysgallspach.at\/index.php?rest_route=\/wp\/v2\/types\/page"}],"author":[{"embeddable":true,"href":"http:\/\/www.beachvolleysgallspach.at\/index.php?rest_route=\/wp\/v2\/users\/1"}],"replies":[{"embeddable":true,"href":"http:\/\/www.beachvolleysgallspach.at\/index.php?rest_route=%2Fwp%2Fv2%2Fcomments&post=697"}],"version-history":[{"count":35,"href":"http:\/\/www.beachvolleysgallspach.at\/index.php?rest_route=\/wp\/v2\/pages\/697\/revisions"}],"predecessor-version":[{"id":2408,"href":"http:\/\/www.beachvolleysgallspach.at\/index.php?rest_route=\/wp\/v2\/pages\/697\/revisions\/2408"}],"up":[{"embeddable":true,"href":"http:\/\/www.beachvolleysgallspach.at\/index.php?rest_route=\/wp\/v2\/pages\/260"}],"wp:attachment":[{"href":"http:\/\/www.beachvolleysgallspach.at\/index.php?rest_route=%2Fwp%2Fv2%2Fmedia&parent=697"}],"curies":[{"name":"wp","href":"https:\/\/api.w.org\/{rel}","templated":true}]}}