{"id":6923,"date":"2023-05-06T06:34:42","date_gmt":"2023-05-06T06:34:42","guid":{"rendered":"http:\/\/www.beachvolleysgallspach.at\/?page_id=6923"},"modified":"2023-08-12T06:03:18","modified_gmt":"2023-08-12T06:03:18","slug":"teilnehmerliste-beach-boccia-12-8-2023","status":"publish","type":"page","link":"http:\/\/www.beachvolleysgallspach.at\/?page_id=6923","title":{"rendered":"Teilnehmerliste Beach Boccia 12.8.2023"},"content":{"rendered":"<p>Stand: 12.8.2023<\/p>\n<p>1. SP\u00d6 Team Gallspach<br \/>\n2. Seilwerfeil<br \/>\n3. Thekenproletten<br \/>\n4. SP\u00d6 Team Gallspach 2<br \/>\n5. Die abst\u00fctzenden Einh\u00f6rner<br \/>\n6. The Mamas and the Papas<br \/>\n7. Papper la Pub<br \/>\n8. 1. FC Haudaneben<br \/>\n9. Kugelchaos<br \/>\n10. Kugelfl\u00fcsterer<br \/>\n11. Freibier<br \/>\n12. Spitzi Fanclub<br \/>\n13. Wagreiner<br \/>\n14. Die Gl\u00fcckspilze<br \/>\n15. Super Smash Bros<br \/>\n16. \u00d6VP Gallspach<br \/>\n17. The Walking Drunk<br \/>\n18. WMWW<br \/>\n19. GSK<br \/>\n20. Hocknstad und Dauerfett<\/p>\n","protected":false},"excerpt":{"rendered":"<p>Stand: 12.8.2023 1. SP\u00d6 Team Gallspach 2. Seilwerfeil 3. Thekenproletten 4. SP\u00d6 Team Gallspach 2 5. Die abst\u00fctzenden Einh\u00f6rner 6. The Mamas and the Papas 7. Papper la Pub 8. [&hellip;]<\/p>\n","protected":false},"author":1,"featured_media":0,"parent":0,"menu_order":0,"comment_status":"closed","ping_status":"closed","template":"","meta":{"footnotes":""},"_links":{"self":[{"href":"http:\/\/www.beachvolleysgallspach.at\/index.php?rest_route=\/wp\/v2\/pages\/6923"}],"collection":[{"href":"http:\/\/www.beachvolleysgallspach.at\/index.php?rest_route=\/wp\/v2\/pages"}],"about":[{"href":"http:\/\/www.beachvolleysgallspach.at\/index.php?rest_route=\/wp\/v2\/types\/page"}],"author":[{"embeddable":true,"href":"http:\/\/www.beachvolleysgallspach.at\/index.php?rest_route=\/wp\/v2\/users\/1"}],"replies":[{"embeddable":true,"href":"http:\/\/www.beachvolleysgallspach.at\/index.php?rest_route=%2Fwp%2Fv2%2Fcomments&post=6923"}],"version-history":[{"count":7,"href":"http:\/\/www.beachvolleysgallspach.at\/index.php?rest_route=\/wp\/v2\/pages\/6923\/revisions"}],"predecessor-version":[{"id":7037,"href":"http:\/\/www.beachvolleysgallspach.at\/index.php?rest_route=\/wp\/v2\/pages\/6923\/revisions\/7037"}],"wp:attachment":[{"href":"http:\/\/www.beachvolleysgallspach.at\/index.php?rest_route=%2Fwp%2Fv2%2Fmedia&parent=6923"}],"curies":[{"name":"wp","href":"https:\/\/api.w.org\/{rel}","templated":true}]}}